{"id":1325,"date":"2025-03-26T19:28:42","date_gmt":"2025-03-26T17:28:42","guid":{"rendered":"https:\/\/versloaljansas.lt\/privacy-policy\/"},"modified":"2025-11-25T07:52:15","modified_gmt":"2025-11-25T07:52:15","slug":"privacy-policy","status":"publish","type":"page","link":"https:\/\/versloaljansas.lt\/en\/privacy-policy\/","title":{"rendered":"Privacy Policy"},"content":{"rendered":"\t\t<div data-elementor-type=\"wp-page\" data-elementor-id=\"1325\" class=\"elementor elementor-1325 elementor-3\" data-elementor-post-type=\"page\">\n\t\t\t\t<div class=\"elementor-element elementor-element-49575e6e e-con-full e-flex e-con e-parent\" data-id=\"49575e6e\" data-element_type=\"container\" data-e-type=\"container\" data-settings=\"{&quot;background_background&quot;:&quot;classic&quot;}\">\n\t\t<div class=\"elementor-element elementor-element-8e4e91c e-con-full e-flex e-con e-child\" data-id=\"8e4e91c\" data-element_type=\"container\" data-e-type=\"container\">\n\t\t\t\t<div class=\"elementor-element elementor-element-f24f4b2 elementor-widget elementor-widget-heading\" data-id=\"f24f4b2\" data-element_type=\"widget\" data-e-type=\"widget\" data-widget_type=\"heading.default\">\n\t\t\t\t<div class=\"elementor-widget-container\">\n\t\t\t\t\t<p class=\"elementor-heading-title elementor-size-default\">Last updated on 2024-05-21.<\/p>\t\t\t\t<\/div>\n\t\t\t\t<\/div>\n\t\t\t\t<div class=\"elementor-element elementor-element-d782e47 elementor-widget elementor-widget-heading\" data-id=\"d782e47\" data-element_type=\"widget\" data-e-type=\"widget\" data-widget_type=\"heading.default\">\n\t\t\t\t<div class=\"elementor-widget-container\">\n\t\t\t\t\t<h2 class=\"elementor-heading-title elementor-size-default\">UAB \"Verslo Aljansas\" Personal Data Processing Rules<\/h2>\t\t\t\t<\/div>\n\t\t\t\t<\/div>\n\t\t\t\t<\/div>\n\t\t<div class=\"elementor-element elementor-element-e159593 e-con-full e-flex e-con e-child\" data-id=\"e159593\" data-element_type=\"container\" data-e-type=\"container\">\n\t\t\t\t<div class=\"elementor-element elementor-element-fcc677f elementor-widget elementor-widget-heading\" data-id=\"fcc677f\" data-element_type=\"widget\" data-e-type=\"widget\" data-widget_type=\"heading.default\">\n\t\t\t\t<div class=\"elementor-widget-container\">\n\t\t\t\t\t<h5 class=\"elementor-heading-title elementor-size-default\">1. INTRODUCTION<\/h5>\t\t\t\t<\/div>\n\t\t\t\t<\/div>\n\t\t\t\t<div class=\"elementor-element elementor-element-c2cbea8 elementor-widget elementor-widget-heading\" data-id=\"c2cbea8\" data-element_type=\"widget\" data-e-type=\"widget\" data-widget_type=\"heading.default\">\n\t\t\t\t<div class=\"elementor-widget-container\">\n\t\t\t\t\t<p class=\"elementor-heading-title elementor-size-default\">We, Verslo Aljansas, UAB (hereinafter referred to as the Company), are committed to ensuring the security of your personal data (personal data means any information related to an identified or identifiable living person, such as name, surname, address, email address, website behavior, etc.). The privacy notice below is intended for all individuals who contact, work with, seek to apply, or otherwise collaborate with the Company, use the Company's services, or in any other way provide their personal data to the Company. This privacy notice (hereinafter referred to as the privacy notice) is created based on applicable laws and recommendations, such as the General Data Protection Regulation (hereinafter - GDPR), the Law on Legal Protection of Personal Data, and the guidelines of the State Data Protection Inspectorate (hereinafter - SDPI). The privacy notice aims to specify the rights and obligations of data subjects, as well as other information that must be provided according to the GDPR. The Company's services are not intended for children (i.e., persons under 14 years of age).<\/p>\t\t\t\t<\/div>\n\t\t\t\t<\/div>\n\t\t\t\t<\/div>\n\t\t<div class=\"elementor-element elementor-element-1feb046 e-con-full e-flex e-con e-child\" data-id=\"1feb046\" data-element_type=\"container\" data-e-type=\"container\">\n\t\t\t\t<div class=\"elementor-element elementor-element-e67aba1 elementor-widget elementor-widget-heading\" data-id=\"e67aba1\" data-element_type=\"widget\" data-e-type=\"widget\" data-widget_type=\"heading.default\">\n\t\t\t\t<div class=\"elementor-widget-container\">\n\t\t\t\t\t<h5 class=\"elementor-heading-title elementor-size-default\">2. Data Controller<\/h5>\t\t\t\t<\/div>\n\t\t\t\t<\/div>\n\t\t\t\t<div class=\"elementor-element elementor-element-c715707 elementor-widget elementor-widget-heading\" data-id=\"c715707\" data-element_type=\"widget\" data-e-type=\"widget\" data-widget_type=\"heading.default\">\n\t\t\t\t<div class=\"elementor-widget-container\">\n\t\t\t\t\t<p class=\"elementor-heading-title elementor-size-default\">Verslo Aljansas, UAB, legal entity code: 302327605, registered office address Jonavos g. 196, LT-44132 Kaunas, is the data controller of the personal data specified in this privacy notice (as defined by the GDPR).<\/p>\t\t\t\t<\/div>\n\t\t\t\t<\/div>\n\t\t\t\t<\/div>\n\t\t<div class=\"elementor-element elementor-element-1fb1f36 e-con-full e-flex e-con e-child\" data-id=\"1fb1f36\" data-element_type=\"container\" data-e-type=\"container\">\n\t\t\t\t<div class=\"elementor-element elementor-element-385a70a elementor-widget elementor-widget-heading\" data-id=\"385a70a\" data-element_type=\"widget\" data-e-type=\"widget\" data-widget_type=\"heading.default\">\n\t\t\t\t<div class=\"elementor-widget-container\">\n\t\t\t\t\t<h5 class=\"elementor-heading-title elementor-size-default\">3. Data Protection Officer<\/h5>\t\t\t\t<\/div>\n\t\t\t\t<\/div>\n\t\t\t\t<div class=\"elementor-element elementor-element-28707e7 paragraph-no-margin active-link-underline elementor-widget elementor-widget-text-editor\" data-id=\"28707e7\" data-element_type=\"widget\" data-e-type=\"widget\" data-widget_type=\"text-editor.default\">\n\t\t\t\t<div class=\"elementor-widget-container\">\n\t\t\t\t\t\t\t\t\t<p>The Company is not obliged under Article 37 of Section 4 of the GDPR to appoint a data protection officer, but if you have any questions about how we process personal data, you can contact us via email. email: <a href=\"mailto:dap@versloaljansas.lt\">dap@versloaljansas.lt<\/a>.<\/p>\t\t\t\t\t\t\t\t<\/div>\n\t\t\t\t<\/div>\n\t\t\t\t<\/div>\n\t\t<div class=\"elementor-element elementor-element-74a80b5 e-con-full e-flex e-con e-child\" data-id=\"74a80b5\" data-element_type=\"container\" data-e-type=\"container\">\n\t\t\t\t<div class=\"elementor-element elementor-element-bb55b39 elementor-widget elementor-widget-heading\" data-id=\"bb55b39\" data-element_type=\"widget\" data-e-type=\"widget\" data-widget_type=\"heading.default\">\n\t\t\t\t<div class=\"elementor-widget-container\">\n\t\t\t\t\t<h5 class=\"elementor-heading-title elementor-size-default\">4. When do we process your data?<\/h5>\t\t\t\t<\/div>\n\t\t\t\t<\/div>\n\t\t\t\t<div class=\"elementor-element elementor-element-997ef59 paragraph-no-margin active-link-underline elementor-widget elementor-widget-text-editor\" data-id=\"997ef59\" data-element_type=\"widget\" data-e-type=\"widget\" data-widget_type=\"text-editor.default\">\n\t\t\t\t<div class=\"elementor-widget-container\">\n\t\t\t\t\t\t\t\t\t<p>Data is processed, for example, when:<\/p><ul><li>You provide data yourself, for example, when applying for a job, browsing the website or social networks, inquiring via email, subscribing to a newsletter; Data is provided by the company you work for or otherwise belong to and which has contractual or legal relations with us;<\/li><li>Data is generated when you use our services;<\/li><li>You provide data when participating in our competitions, organized games, or training;<\/li><li>Requested on the basis of legitimate interest from (e.g., Sodra, credit rating companies, public registers, etc.);<\/li><li>We receive data from other sources that transmit it in compliance with government instructions, etc.;<\/li><li>We receive data from public sources when you or your represented company publish it;<\/li><li>And other legitimate cases.<\/li><li>5. What principles do we adhere to when processing your data?<\/li><\/ul>\t\t\t\t\t\t\t\t<\/div>\n\t\t\t\t<\/div>\n\t\t\t\t<\/div>\n\t\t<div class=\"elementor-element elementor-element-a65bc6d e-con-full e-flex e-con e-child\" data-id=\"a65bc6d\" data-element_type=\"container\" data-e-type=\"container\">\n\t\t\t\t<div class=\"elementor-element elementor-element-3ea722f elementor-widget elementor-widget-heading\" data-id=\"3ea722f\" data-element_type=\"widget\" data-e-type=\"widget\" data-widget_type=\"heading.default\">\n\t\t\t\t<div class=\"elementor-widget-container\">\n\t\t\t\t\t<h5 class=\"elementor-heading-title elementor-size-default\">Data processing is carried out based on the following principles, as specified in Article 5 of the GDPR:<\/h5>\t\t\t\t<\/div>\n\t\t\t\t<\/div>\n\t\t\t\t<div class=\"elementor-element elementor-element-fb69363 paragraph-no-margin active-link-underline last-paragraph elementor-widget elementor-widget-text-editor\" data-id=\"fb69363\" data-element_type=\"widget\" data-e-type=\"widget\" data-widget_type=\"text-editor.default\">\n\t\t\t\t<div class=\"elementor-widget-container\">\n\t\t\t\t\t\t\t\t\t<p>the principle of lawfulness, fairness, and transparency;<\/p><ul><li>the principle of purpose limitation;<\/li><li>the principle of data minimization;<\/li><li>the principle of accuracy;<\/li><li>the principle of storage limitation;<\/li><li>the principle of integrity and confidentiality.<\/li><li>The Company takes appropriate technical and organizational measures to ensure the accountability principle.<\/li><\/ul><p>6. How do we protect your data?<\/p>\t\t\t\t\t\t\t\t<\/div>\n\t\t\t\t<\/div>\n\t\t\t\t<\/div>\n\t\t<div class=\"elementor-element elementor-element-d46b8df e-con-full e-flex e-con e-child\" data-id=\"d46b8df\" data-element_type=\"container\" data-e-type=\"container\">\n\t\t\t\t<div class=\"elementor-element elementor-element-914c095 elementor-widget elementor-widget-heading\" data-id=\"914c095\" data-element_type=\"widget\" data-e-type=\"widget\" data-widget_type=\"heading.default\">\n\t\t\t\t<div class=\"elementor-widget-container\">\n\t\t\t\t\t<h5 class=\"elementor-heading-title elementor-size-default\">To protect your data, we have taken organizational and technical measures designed to properly regulate and manage your data.<\/h5>\t\t\t\t<\/div>\n\t\t\t\t<\/div>\n\t\t\t\t<div class=\"elementor-element elementor-element-b43a57e paragraph-no-margin active-link-underline last-paragraph elementor-widget elementor-widget-text-editor\" data-id=\"b43a57e\" data-element_type=\"widget\" data-e-type=\"widget\" data-widget_type=\"text-editor.default\">\n\t\t\t\t<div class=\"elementor-widget-container\">\n\t\t\t\t\t\t\t\t\t<p>Such measures include, but are not limited to: SDPI guidelines, measures specified in the information security management standard ISO 27001 \/ ISO 27002, EDPS (European Data Protection Supervisor) and WP29 (Working Party 29) guidelines and recommendations. Organizational personal data protection measures include, but are not limited to, the following measures: personal data processing rules, procedures for implementing data subject rights, risk assessment, information security incident management procedures, information security documents, personal data processing activity records, data processing agreements with data processors, various personnel procedures, continuous employee training, etc. Technical personal data protection measures are implemented based on information security documents.<\/p><p>When engaging data processors, a data processing agreement is always concluded. 7. What data do we process about you?<\/p>\t\t\t\t\t\t\t\t<\/div>\n\t\t\t\t<\/div>\n\t\t\t\t<\/div>\n\t\t<div class=\"elementor-element elementor-element-b3cfc16 e-con-full e-flex e-con e-child\" data-id=\"b3cfc16\" data-element_type=\"container\" data-e-type=\"container\">\n\t\t\t\t<div class=\"elementor-element elementor-element-9692cc6 elementor-widget elementor-widget-heading\" data-id=\"9692cc6\" data-element_type=\"widget\" data-e-type=\"widget\" data-widget_type=\"heading.default\">\n\t\t\t\t<div class=\"elementor-widget-container\">\n\t\t\t\t\t<h5 class=\"elementor-heading-title elementor-size-default\">The Company processes the following personal data about you as a data controller:<\/h5>\t\t\t\t<\/div>\n\t\t\t\t<\/div>\n\t\t\t\t<div class=\"elementor-element elementor-element-7d9ecf1 elementor-widget elementor-widget-heading\" data-id=\"7d9ecf1\" data-element_type=\"widget\" data-e-type=\"widget\" data-widget_type=\"heading.default\">\n\t\t\t\t<div class=\"elementor-widget-container\">\n\t\t\t\t\t<p class=\"elementor-heading-title elementor-size-default\">UAB \"Verslo Aljansas\" Privacy Notice<\/p>\t\t\t\t<\/div>\n\t\t\t\t<\/div>\n\t\t\t\t<div class=\"elementor-element elementor-element-6743e71 elementor-widget elementor-widget-table-content\" data-id=\"6743e71\" data-element_type=\"widget\" data-e-type=\"widget\" data-widget_type=\"table-content.default\">\n\t\t\t\t<div class=\"elementor-widget-container\">\n\t\t\t\t\t<div class=\"custom-table-widget\"><table class=\"custom-table\"><tbody><tr><th>Asmens duomen\u0173 tvarkymo tikslas<\/th><td>Bendrov\u0117 sutar\u010di\u0173 su juridiniais asmenimis sudarymas ir vykdymas, s\u0105skait\u0173 i\u0161ra\u0161ymas<\/td><\/tr><tr><th>Tvarkomi asmens duomenys<\/th><td>Juridinio asmens atstov\u0173: vardas, pavard\u0117, kontaktin\u0117 informacija (telefono numeris, el. pa\u0161to adresas, kt.), atstovaujamo juridinio asmens duomenys, sudarytos sutarties, s\u0105skaitos informacija<\/td><\/tr><tr><th>Kiek laiko saugomi asmens duomenys<\/th><td>10 met\u0173 nuo sutarties vykdymo pabaigos<\/td><\/tr><tr><th>Teisinis asmens duomen\u0173 tvarkymo pagrindas<\/th><td>Teisin\u0117 prievol\u0117, BDAR 6 straipsnio 1 dalies c papunktisTeis\u0117tas interesas, BDAR 6 straipsnio 1 dalies f papunktis<\/td><\/tr><\/tbody><\/table><\/div>\t\t\t\t<\/div>\n\t\t\t\t<\/div>\n\t\t\t\t<div class=\"elementor-element elementor-element-333ff82 elementor-widget elementor-widget-table-content\" data-id=\"333ff82\" data-element_type=\"widget\" data-e-type=\"widget\" data-widget_type=\"table-content.default\">\n\t\t\t\t<div class=\"elementor-widget-container\">\n\t\t\t\t\t<div class=\"custom-table-widget\"><table class=\"custom-table\"><tbody><tr><th>Asmens duomen\u0173 tvarkymo tikslas<\/th><td>Bendrov\u0117 sutar\u010di\u0173 su juridiniais asmenimis sudarymas ir vykdymas, s\u0105skait\u0173 i\u0161ra\u0161ymas<\/td><\/tr><tr><th>Tvarkomi asmens duomenys<\/th><td>Fizinio asmens atstov\u0173: vardas, pavard\u0117, kontaktin\u0117 informacija (telefonas, el. pa\u0161to adresas, kt.), individualios veiklos \/ verslo liudijimo \/ \u016bkininko\u00a0 pa\u017eym\u0117jimo nr., gimimo data, sudarytos sutarties, s\u0105skaitos informacija<\/td><\/tr><tr><th>Kiek laiko saugomi asmens duomenys<\/th><td>10 met\u0173 nuo sutarties vykdymo pabaigos<\/td><\/tr><tr><th>Teisinis asmens duomen\u0173 tvarkymo pagrindas<\/th><td>Teisin\u0117 prievol\u0117, BDAR 6 straipsnio 1 dalies c papunktisTeis\u0117tas interesas, BDAR 6 straipsnio 1 dalies f papunktis<\/td><\/tr><\/tbody><\/table><\/div>\t\t\t\t<\/div>\n\t\t\t\t<\/div>\n\t\t\t\t<\/div>\n\t\t\t\t<\/div>\n\t\t<div class=\"elementor-element elementor-element-028e36f e-flex e-con-boxed e-con e-parent\" data-id=\"028e36f\" data-element_type=\"container\" data-e-type=\"container\">\n\t\t\t\t\t<div class=\"e-con-inner\">\n\t\t\t\t<div class=\"elementor-element elementor-element-6c10788 elementor-align-left elementor-absolute elementor-widget elementor-widget-button\" data-id=\"6c10788\" data-element_type=\"widget\" data-e-type=\"widget\" data-settings=\"{&quot;_position&quot;:&quot;absolute&quot;}\" data-widget_type=\"button.default\">\n\t\t\t\t<div class=\"elementor-widget-container\">\n\t\t\t\t\t\t\t\t\t<div class=\"elementor-button-wrapper\">\n\t\t\t\t\t<a class=\"elementor-button elementor-button-link elementor-size-sm\" href=\"https:\/\/drive.google.com\/file\/d\/1j-XxhKx1SfigDLqMhy734cVJnVJwinuy\/view?usp=sharing\">\n\t\t\t\t\t\t<span class=\"elementor-button-content-wrapper\">\n\t\t\t\t\t\t\t\t\t<span class=\"elementor-button-text\">UAB \"Verslo Aljansas\" Privacy Notice<\/span>\n\t\t\t\t\t<\/span>\n\t\t\t\t\t<\/a>\n\t\t\t\t<\/div>\n\t\t\t\t\t\t\t\t<\/div>\n\t\t\t\t<\/div>\n\t\t\t\t\t<\/div>\n\t\t\t\t<\/div>\n\t\t\t\t<\/div>\n\t\t","protected":false},"excerpt":{"rendered":"<p>Last updated on 2024-05-21. UAB &#8220;Verslo Aljansas&#8221; Personal Data Processing Rules 1. INTRODUCTION We, Verslo Aljansas, UAB (hereinafter referred to as the Company), are committed to ensuring the security of your personal data (personal data means any information related to an identified or identifiable living person, such as name, surname, address, email address, website behavior, [&hellip;]<\/p>\n","protected":false},"author":1,"featured_media":0,"parent":0,"menu_order":0,"comment_status":"closed","ping_status":"closed","template":"","meta":{"_acf_changed":false,"footnotes":""},"class_list":["post-1325","page","type-page","status-publish","hentry"],"acf":[],"yoast_head":"<!-- This site is optimized with the Yoast SEO plugin v27.4 - https:\/\/yoast.com\/product\/yoast-seo-wordpress\/ -->\n<title>Privacy Policy - Verslo Aljansas<\/title>\n<meta name=\"robots\" content=\"index, follow, max-snippet:-1, max-image-preview:large, max-video-preview:-1\" \/>\n<link rel=\"canonical\" href=\"https:\/\/versloaljansas.lt\/privatumo-politika\/\" \/>\n<meta property=\"og:locale\" content=\"en_US\" \/>\n<meta property=\"og:type\" content=\"article\" \/>\n<meta property=\"og:title\" content=\"Privacy Policy - Verslo Aljansas\" \/>\n<meta property=\"og:description\" content=\"Last updated on 2024-05-21. UAB &#8220;Verslo Aljansas&#8221; Personal Data Processing Rules 1. INTRODUCTION We, Verslo Aljansas, UAB (hereinafter referred to as the Company), are committed to ensuring the security of your personal data (personal data means any information related to an identified or identifiable living person, such as name, surname, address, email address, website behavior, [&hellip;]\" \/>\n<meta property=\"og:url\" content=\"https:\/\/versloaljansas.lt\/privatumo-politika\/\" \/>\n<meta property=\"og:site_name\" content=\"Verslo Aljansas\" \/>\n<meta property=\"article:publisher\" content=\"https:\/\/www.facebook.com\/uabversloaljansas\" \/>\n<meta property=\"article:modified_time\" content=\"2025-11-25T07:52:15+00:00\" \/>\n<meta name=\"twitter:card\" content=\"summary_large_image\" \/>\n<meta name=\"twitter:label1\" content=\"Est. reading time\" \/>\n\t<meta name=\"twitter:data1\" content=\"4 minutes\" \/>\n<script type=\"application\/ld+json\" class=\"yoast-schema-graph\">{\"@context\":\"https:\\\/\\\/schema.org\",\"@graph\":[{\"@type\":\"WebPage\",\"@id\":\"https:\\\/\\\/versloaljansas.lt\\\/privatumo-politika\\\/\",\"url\":\"https:\\\/\\\/versloaljansas.lt\\\/privatumo-politika\\\/\",\"name\":\"Privacy Policy - Verslo Aljansas\",\"isPartOf\":{\"@id\":\"https:\\\/\\\/versloaljansas.lt\\\/#website\"},\"datePublished\":\"2025-03-26T17:28:42+00:00\",\"dateModified\":\"2025-11-25T07:52:15+00:00\",\"breadcrumb\":{\"@id\":\"https:\\\/\\\/versloaljansas.lt\\\/privatumo-politika\\\/#breadcrumb\"},\"inLanguage\":\"en-US\",\"potentialAction\":[{\"@type\":\"ReadAction\",\"target\":[\"https:\\\/\\\/versloaljansas.lt\\\/privatumo-politika\\\/\"]}]},{\"@type\":\"BreadcrumbList\",\"@id\":\"https:\\\/\\\/versloaljansas.lt\\\/privatumo-politika\\\/#breadcrumb\",\"itemListElement\":[{\"@type\":\"ListItem\",\"position\":1,\"name\":\"Home\",\"item\":\"https:\\\/\\\/versloaljansas.lt\\\/\"},{\"@type\":\"ListItem\",\"position\":2,\"name\":\"Privacy Policy\"}]},{\"@type\":\"WebSite\",\"@id\":\"https:\\\/\\\/versloaljansas.lt\\\/#website\",\"url\":\"https:\\\/\\\/versloaljansas.lt\\\/\",\"name\":\"Verslo Aljansas\",\"description\":\"\",\"publisher\":{\"@id\":\"https:\\\/\\\/versloaljansas.lt\\\/#organization\"},\"potentialAction\":[{\"@type\":\"SearchAction\",\"target\":{\"@type\":\"EntryPoint\",\"urlTemplate\":\"https:\\\/\\\/versloaljansas.lt\\\/?s={search_term_string}\"},\"query-input\":{\"@type\":\"PropertyValueSpecification\",\"valueRequired\":true,\"valueName\":\"search_term_string\"}}],\"inLanguage\":\"en-US\"},{\"@type\":\"Organization\",\"@id\":\"https:\\\/\\\/versloaljansas.lt\\\/#organization\",\"name\":\"Verslo Aljansas\",\"url\":\"https:\\\/\\\/versloaljansas.lt\\\/\",\"logo\":{\"@type\":\"ImageObject\",\"inLanguage\":\"en-US\",\"@id\":\"https:\\\/\\\/versloaljansas.lt\\\/#\\\/schema\\\/logo\\\/image\\\/\",\"url\":\"https:\\\/\\\/versloaljansas.lt\\\/wp-content\\\/uploads\\\/2025\\\/03\\\/Home.svg\",\"contentUrl\":\"https:\\\/\\\/versloaljansas.lt\\\/wp-content\\\/uploads\\\/2025\\\/03\\\/Home.svg\",\"width\":1,\"height\":1,\"caption\":\"Verslo Aljansas\"},\"image\":{\"@id\":\"https:\\\/\\\/versloaljansas.lt\\\/#\\\/schema\\\/logo\\\/image\\\/\"},\"sameAs\":[\"https:\\\/\\\/www.facebook.com\\\/uabversloaljansas\",\"https:\\\/\\\/www.linkedin.com\\\/company\\\/verslo-aljansas\\\/?viewAsMember=true\",\"https:\\\/\\\/www.instagram.com\\\/versloaljansas\\\/\"]}]}<\/script>\n<!-- \/ Yoast SEO plugin. -->","yoast_head_json":{"title":"Privacy Policy - Verslo Aljansas","robots":{"index":"index","follow":"follow","max-snippet":"max-snippet:-1","max-image-preview":"max-image-preview:large","max-video-preview":"max-video-preview:-1"},"canonical":"https:\/\/versloaljansas.lt\/privatumo-politika\/","og_locale":"en_US","og_type":"article","og_title":"Privacy Policy - Verslo Aljansas","og_description":"Last updated on 2024-05-21. UAB &#8220;Verslo Aljansas&#8221; Personal Data Processing Rules 1. INTRODUCTION We, Verslo Aljansas, UAB (hereinafter referred to as the Company), are committed to ensuring the security of your personal data (personal data means any information related to an identified or identifiable living person, such as name, surname, address, email address, website behavior, [&hellip;]","og_url":"https:\/\/versloaljansas.lt\/privatumo-politika\/","og_site_name":"Verslo Aljansas","article_publisher":"https:\/\/www.facebook.com\/uabversloaljansas","article_modified_time":"2025-11-25T07:52:15+00:00","twitter_card":"summary_large_image","twitter_misc":{"Est. reading time":"4 minutes"},"schema":{"@context":"https:\/\/schema.org","@graph":[{"@type":"WebPage","@id":"https:\/\/versloaljansas.lt\/privatumo-politika\/","url":"https:\/\/versloaljansas.lt\/privatumo-politika\/","name":"Privacy Policy - Verslo Aljansas","isPartOf":{"@id":"https:\/\/versloaljansas.lt\/#website"},"datePublished":"2025-03-26T17:28:42+00:00","dateModified":"2025-11-25T07:52:15+00:00","breadcrumb":{"@id":"https:\/\/versloaljansas.lt\/privatumo-politika\/#breadcrumb"},"inLanguage":"en-US","potentialAction":[{"@type":"ReadAction","target":["https:\/\/versloaljansas.lt\/privatumo-politika\/"]}]},{"@type":"BreadcrumbList","@id":"https:\/\/versloaljansas.lt\/privatumo-politika\/#breadcrumb","itemListElement":[{"@type":"ListItem","position":1,"name":"Home","item":"https:\/\/versloaljansas.lt\/"},{"@type":"ListItem","position":2,"name":"Privacy Policy"}]},{"@type":"WebSite","@id":"https:\/\/versloaljansas.lt\/#website","url":"https:\/\/versloaljansas.lt\/","name":"Verslo Aljansas","description":"","publisher":{"@id":"https:\/\/versloaljansas.lt\/#organization"},"potentialAction":[{"@type":"SearchAction","target":{"@type":"EntryPoint","urlTemplate":"https:\/\/versloaljansas.lt\/?s={search_term_string}"},"query-input":{"@type":"PropertyValueSpecification","valueRequired":true,"valueName":"search_term_string"}}],"inLanguage":"en-US"},{"@type":"Organization","@id":"https:\/\/versloaljansas.lt\/#organization","name":"Verslo Aljansas","url":"https:\/\/versloaljansas.lt\/","logo":{"@type":"ImageObject","inLanguage":"en-US","@id":"https:\/\/versloaljansas.lt\/#\/schema\/logo\/image\/","url":"https:\/\/versloaljansas.lt\/wp-content\/uploads\/2025\/03\/Home.svg","contentUrl":"https:\/\/versloaljansas.lt\/wp-content\/uploads\/2025\/03\/Home.svg","width":1,"height":1,"caption":"Verslo Aljansas"},"image":{"@id":"https:\/\/versloaljansas.lt\/#\/schema\/logo\/image\/"},"sameAs":["https:\/\/www.facebook.com\/uabversloaljansas","https:\/\/www.linkedin.com\/company\/verslo-aljansas\/?viewAsMember=true","https:\/\/www.instagram.com\/versloaljansas\/"]}]}},"_links":{"self":[{"href":"https:\/\/versloaljansas.lt\/en\/wp-json\/wp\/v2\/pages\/1325","targetHints":{"allow":["GET"]}}],"collection":[{"href":"https:\/\/versloaljansas.lt\/en\/wp-json\/wp\/v2\/pages"}],"about":[{"href":"https:\/\/versloaljansas.lt\/en\/wp-json\/wp\/v2\/types\/page"}],"author":[{"embeddable":true,"href":"https:\/\/versloaljansas.lt\/en\/wp-json\/wp\/v2\/users\/1"}],"replies":[{"embeddable":true,"href":"https:\/\/versloaljansas.lt\/en\/wp-json\/wp\/v2\/comments?post=1325"}],"version-history":[{"count":0,"href":"https:\/\/versloaljansas.lt\/en\/wp-json\/wp\/v2\/pages\/1325\/revisions"}],"wp:attachment":[{"href":"https:\/\/versloaljansas.lt\/en\/wp-json\/wp\/v2\/media?parent=1325"}],"curies":[{"name":"wp","href":"https:\/\/api.w.org\/{rel}","templated":true}]}}